{"id":10,"date":"2025-11-24T17:55:48","date_gmt":"2025-11-24T16:55:48","guid":{"rendered":"https:\/\/lab5.adinfo.it\/adinfo\/2025\/unicampania\/neuroimmunologia\/?page_id=10"},"modified":"2026-01-29T16:03:53","modified_gmt":"2026-01-29T15:03:53","slug":"la-malattia","status":"publish","type":"page","link":"https:\/\/lab5.adinfo.it\/adinfo\/2025\/unicampania\/miastenia\/index.php\/la-malattia\/","title":{"rendered":"Miastenia Gravis"},"content":{"rendered":"\n<p>La <strong>miastenia gravis (MG)<\/strong> \u00e8 una malattia autoimmune che interferisce con la normale comunicazione tra nervi e muscoli (placca neuromuscolare). Nel paziente con MG, il sistema immunitario produce <strong>anticorpi che colpiscono i recettori<\/strong> presenti sulla superficie dei muscoli, impedendo al segnale nervoso di attivare correttamente la contrazione.<br><br>Questo provoca <strong>debolezza muscolare che tende a \u201cfluttuare\u201d<\/strong>, peggiorando con l\u2019attivit\u00e0 e migliorando con il riposo. \u00c8 una condizione rara, ma oggi \u00e8 molto pi\u00f9 riconosciuta e trattabile rispetto al passato.<\/p>\n","protected":false},"excerpt":{"rendered":"<p>La miastenia gravis (MG) \u00e8 una malattia autoimmune che interferisce con la normale comunicazione tra nervi e muscoli (placca neuromuscolare). Nel paziente con MG, il sistema immunitario produce anticorpi che colpiscono i recettori presenti sulla superficie dei muscoli, impedendo al segnale nervoso di attivare correttamente la contrazione. Questo provoca debolezza muscolare che tende a \u201cfluttuare\u201d, [&hellip;]<\/p>\n","protected":false},"author":1,"featured_media":0,"parent":0,"menu_order":0,"comment_status":"closed","ping_status":"closed","template":"template-archive-malattie.php","meta":{"_acf_changed":false,"footnotes":""},"class_list":["post-10","page","type-page","status-publish","hentry"],"acf":[],"_links":{"self":[{"href":"https:\/\/lab5.adinfo.it\/adinfo\/2025\/unicampania\/miastenia\/index.php\/wp-json\/wp\/v2\/pages\/10","targetHints":{"allow":["GET"]}}],"collection":[{"href":"https:\/\/lab5.adinfo.it\/adinfo\/2025\/unicampania\/miastenia\/index.php\/wp-json\/wp\/v2\/pages"}],"about":[{"href":"https:\/\/lab5.adinfo.it\/adinfo\/2025\/unicampania\/miastenia\/index.php\/wp-json\/wp\/v2\/types\/page"}],"author":[{"embeddable":true,"href":"https:\/\/lab5.adinfo.it\/adinfo\/2025\/unicampania\/miastenia\/index.php\/wp-json\/wp\/v2\/users\/1"}],"replies":[{"embeddable":true,"href":"https:\/\/lab5.adinfo.it\/adinfo\/2025\/unicampania\/miastenia\/index.php\/wp-json\/wp\/v2\/comments?post=10"}],"version-history":[{"count":49,"href":"https:\/\/lab5.adinfo.it\/adinfo\/2025\/unicampania\/miastenia\/index.php\/wp-json\/wp\/v2\/pages\/10\/revisions"}],"predecessor-version":[{"id":292,"href":"https:\/\/lab5.adinfo.it\/adinfo\/2025\/unicampania\/miastenia\/index.php\/wp-json\/wp\/v2\/pages\/10\/revisions\/292"}],"wp:attachment":[{"href":"https:\/\/lab5.adinfo.it\/adinfo\/2025\/unicampania\/miastenia\/index.php\/wp-json\/wp\/v2\/media?parent=10"}],"curies":[{"name":"wp","href":"https:\/\/api.w.org\/{rel}","templated":true}]}}